{"id":117,"date":"2024-11-30T15:57:31","date_gmt":"2024-11-30T15:57:31","guid":{"rendered":"https:\/\/loros.org\/?page_id=117"},"modified":"2025-02-05T15:25:25","modified_gmt":"2025-02-05T15:25:25","slug":"experiencias","status":"publish","type":"page","link":"https:\/\/loros.org\/en\/experiencias\/","title":{"rendered":"Experiences"},"content":{"rendered":"<p>Join Fundaci\u00f3n Loros in Villanueva, Bol\u00edvar, and experience the conservation of parrots in Colombia.<\/p>\n","protected":false},"excerpt":{"rendered":"<p>Join Fundaci\u00f3n Loros in Villanueva, Bol\u00edvar, and experience the conservation of parrots in Colombia.<\/p>\n","protected":false},"author":2,"featured_media":0,"parent":0,"menu_order":0,"comment_status":"closed","ping_status":"closed","template":"templates\/archive-experiences-template.php","meta":{"_acf_changed":false,"_glsr_average":0,"_glsr_ranking":0,"_glsr_reviews":0,"footnotes":""},"class_list":["post-117","page","type-page","status-publish","hentry"],"acf":[],"yoast_head":"<!-- This site is optimized with the Yoast SEO plugin v26.8 - https:\/\/yoast.com\/product\/yoast-seo-wordpress\/ -->\n<title>Fundaci\u00f3n loros experiencias<\/title>\n<meta name=\"description\" content=\"Join Fundaci\u00f3n Loros in Villanueva, Bol\u00edvar, and experience the conservation of parrots in Colombia.\" \/>\n<meta name=\"robots\" content=\"index, follow, max-snippet:-1, max-image-preview:large, max-video-preview:-1\" \/>\n<link rel=\"canonical\" href=\"https:\/\/loros.org\/en\/experiencias\/\" \/>\n<meta property=\"og:locale\" content=\"en_US\" \/>\n<meta property=\"og:locale:alternate\" content=\"es_CO\" \/>\n<meta property=\"og:type\" content=\"article\" \/>\n<meta property=\"og:title\" content=\"Fundaci\u00f3n loros experiencias\" \/>\n<meta property=\"og:description\" content=\"Join Fundaci\u00f3n Loros in Villanueva, Bol\u00edvar, and experience the conservation of parrots in Colombia.\" \/>\n<meta property=\"og:url\" content=\"https:\/\/loros.org\/en\/experiencias\/\" \/>\n<meta property=\"og:site_name\" content=\"Fundaci\u00f3n Loros\" \/>\n<meta property=\"article:modified_time\" content=\"2025-02-05T15:25:25+00:00\" \/>\n<meta name=\"twitter:card\" content=\"summary_large_image\" \/>\n<meta name=\"twitter:label1\" content=\"Est. reading time\" \/>\n\t<meta name=\"twitter:data1\" content=\"1 minute\" \/>\n<script type=\"application\/ld+json\" class=\"yoast-schema-graph\">{\"@context\":\"https:\/\/schema.org\",\"@graph\":[{\"@type\":\"WebPage\",\"@id\":\"https:\/\/loros.org\/experiencias\/\",\"url\":\"https:\/\/loros.org\/experiencias\/\",\"name\":\"Fundaci\u00f3n loros experiencias\",\"isPartOf\":{\"@id\":\"https:\/\/loros.org\/en\/#website\"},\"datePublished\":\"2024-11-30T15:57:31+00:00\",\"dateModified\":\"2025-02-05T15:25:25+00:00\",\"description\":\"Join Fundaci\u00f3n Loros in Villanueva, Bol\u00edvar, and experience the conservation of parrots in Colombia.\",\"breadcrumb\":{\"@id\":\"https:\/\/loros.org\/experiencias\/#breadcrumb\"},\"inLanguage\":\"en-US\",\"potentialAction\":[{\"@type\":\"ReadAction\",\"target\":[\"https:\/\/loros.org\/experiencias\/\"]}]},{\"@type\":\"BreadcrumbList\",\"@id\":\"https:\/\/loros.org\/experiencias\/#breadcrumb\",\"itemListElement\":[{\"@type\":\"ListItem\",\"position\":1,\"name\":\"Home\",\"item\":\"https:\/\/loros.org\/en\/\"},{\"@type\":\"ListItem\",\"position\":2,\"name\":\"Experiencias\"}]},{\"@type\":\"WebSite\",\"@id\":\"https:\/\/loros.org\/en\/#website\",\"url\":\"https:\/\/loros.org\/en\/\",\"name\":\"Fundaci\u00f3n Loros\",\"description\":\"\",\"publisher\":{\"@id\":\"https:\/\/loros.org\/en\/#organization\"},\"potentialAction\":[{\"@type\":\"SearchAction\",\"target\":{\"@type\":\"EntryPoint\",\"urlTemplate\":\"https:\/\/loros.org\/en\/?s={search_term_string}\"},\"query-input\":{\"@type\":\"PropertyValueSpecification\",\"valueRequired\":true,\"valueName\":\"search_term_string\"}}],\"inLanguage\":\"en-US\"},{\"@type\":\"Organization\",\"@id\":\"https:\/\/loros.org\/en\/#organization\",\"name\":\"Fundaci\u00f3n Loros\",\"url\":\"https:\/\/loros.org\/en\/\",\"logo\":{\"@type\":\"ImageObject\",\"inLanguage\":\"en-US\",\"@id\":\"https:\/\/loros.org\/en\/#\/schema\/logo\/image\/\",\"url\":\"https:\/\/loros.org\/wp-content\/uploads\/2024\/11\/logo.png\",\"contentUrl\":\"https:\/\/loros.org\/wp-content\/uploads\/2024\/11\/logo.png\",\"width\":166,\"height\":202,\"caption\":\"Fundaci\u00f3n Loros\"},\"image\":{\"@id\":\"https:\/\/loros.org\/en\/#\/schema\/logo\/image\/\"}}]}<\/script>\n<!-- \/ Yoast SEO plugin. -->","yoast_head_json":{"title":"Fundaci\u00f3n loros experiencias","description":"Join Fundaci\u00f3n Loros in Villanueva, Bol\u00edvar, and experience the conservation of parrots in Colombia.","robots":{"index":"index","follow":"follow","max-snippet":"max-snippet:-1","max-image-preview":"max-image-preview:large","max-video-preview":"max-video-preview:-1"},"canonical":"https:\/\/loros.org\/en\/experiencias\/","og_locale":"en_US","og_type":"article","og_title":"Fundaci\u00f3n loros experiencias","og_description":"Join Fundaci\u00f3n Loros in Villanueva, Bol\u00edvar, and experience the conservation of parrots in Colombia.","og_url":"https:\/\/loros.org\/en\/experiencias\/","og_site_name":"Fundaci\u00f3n Loros","article_modified_time":"2025-02-05T15:25:25+00:00","twitter_card":"summary_large_image","twitter_misc":{"Est. reading time":"1 minute"},"schema":{"@context":"https:\/\/schema.org","@graph":[{"@type":"WebPage","@id":"https:\/\/loros.org\/experiencias\/","url":"https:\/\/loros.org\/experiencias\/","name":"Fundaci\u00f3n loros experiencias","isPartOf":{"@id":"https:\/\/loros.org\/en\/#website"},"datePublished":"2024-11-30T15:57:31+00:00","dateModified":"2025-02-05T15:25:25+00:00","description":"Join Fundaci\u00f3n Loros in Villanueva, Bol\u00edvar, and experience the conservation of parrots in Colombia.","breadcrumb":{"@id":"https:\/\/loros.org\/experiencias\/#breadcrumb"},"inLanguage":"en-US","potentialAction":[{"@type":"ReadAction","target":["https:\/\/loros.org\/experiencias\/"]}]},{"@type":"BreadcrumbList","@id":"https:\/\/loros.org\/experiencias\/#breadcrumb","itemListElement":[{"@type":"ListItem","position":1,"name":"Home","item":"https:\/\/loros.org\/en\/"},{"@type":"ListItem","position":2,"name":"Experiencias"}]},{"@type":"WebSite","@id":"https:\/\/loros.org\/en\/#website","url":"https:\/\/loros.org\/en\/","name":"Fundaci\u00f3n Loros","description":"","publisher":{"@id":"https:\/\/loros.org\/en\/#organization"},"potentialAction":[{"@type":"SearchAction","target":{"@type":"EntryPoint","urlTemplate":"https:\/\/loros.org\/en\/?s={search_term_string}"},"query-input":{"@type":"PropertyValueSpecification","valueRequired":true,"valueName":"search_term_string"}}],"inLanguage":"en-US"},{"@type":"Organization","@id":"https:\/\/loros.org\/en\/#organization","name":"Fundaci\u00f3n Loros","url":"https:\/\/loros.org\/en\/","logo":{"@type":"ImageObject","inLanguage":"en-US","@id":"https:\/\/loros.org\/en\/#\/schema\/logo\/image\/","url":"https:\/\/loros.org\/wp-content\/uploads\/2024\/11\/logo.png","contentUrl":"https:\/\/loros.org\/wp-content\/uploads\/2024\/11\/logo.png","width":166,"height":202,"caption":"Fundaci\u00f3n Loros"},"image":{"@id":"https:\/\/loros.org\/en\/#\/schema\/logo\/image\/"}}]}},"_links":{"self":[{"href":"https:\/\/loros.org\/en\/wp-json\/wp\/v2\/pages\/117","targetHints":{"allow":["GET"]}}],"collection":[{"href":"https:\/\/loros.org\/en\/wp-json\/wp\/v2\/pages"}],"about":[{"href":"https:\/\/loros.org\/en\/wp-json\/wp\/v2\/types\/page"}],"author":[{"embeddable":true,"href":"https:\/\/loros.org\/en\/wp-json\/wp\/v2\/users\/2"}],"replies":[{"embeddable":true,"href":"https:\/\/loros.org\/en\/wp-json\/wp\/v2\/comments?post=117"}],"version-history":[{"count":5,"href":"https:\/\/loros.org\/en\/wp-json\/wp\/v2\/pages\/117\/revisions"}],"predecessor-version":[{"id":364,"href":"https:\/\/loros.org\/en\/wp-json\/wp\/v2\/pages\/117\/revisions\/364"}],"wp:attachment":[{"href":"https:\/\/loros.org\/en\/wp-json\/wp\/v2\/media?parent=117"}],"curies":[{"name":"wp","href":"https:\/\/api.w.org\/{rel}","templated":true}]}}