{"id":555,"date":"2025-06-23T13:17:09","date_gmt":"2025-06-23T13:17:09","guid":{"rendered":"https:\/\/loros.org\/?page_id=555"},"modified":"2025-06-25T16:53:35","modified_gmt":"2025-06-25T16:53:35","slug":"el-espiritu-de-los-loros","status":"publish","type":"page","link":"https:\/\/loros.org\/en\/el-espiritu-de-los-loros\/","title":{"rendered":"The spirit of the parrots"},"content":{"rendered":"<p data-start=\"0\" data-end=\"614\">Los ganadores del concurso \u201cEl Esp\u00edritu de los Loros\u201d fueron elegidos con base en una r\u00fabrica narrativa y \u00e9tica cuidadosamente dise\u00f1ada, que buscaba mucho m\u00e1s que calidad literaria. Cada historia seleccionada deb\u00eda conmover, educar y transformar, revelando la complejidad emocional, \u00e9tica y ecol\u00f3gica de nuestra relaci\u00f3n con los loros. Se valoraron elementos como la representaci\u00f3n del loro como sujeto emocional y \u00e9tico, la visibilizaci\u00f3n del sufrimiento en el cautiverio, la exploraci\u00f3n de decisiones responsables en casos de semi-libertad, y la deconstrucci\u00f3n de paradigmas culturales que perpet\u00faan el encierro.<\/p>\n<p data-start=\"616\" data-end=\"1198\" data-is-last-node=\"\" data-is-only-node=\"\">Tambi\u00e9n se premi\u00f3 la afirmaci\u00f3n \u00e9tica de la libertad como derecho, el rechazo a liberaciones impulsivas, la transformaci\u00f3n del humano en el relato, la calidad literaria, el anclaje en la identidad colombiana, y el valor educativo e intergeneracional del texto. Un criterio transversal clave fue la capacidad de la historia para superar la apat\u00eda, movilizando al lector a sentir empat\u00eda y cuestionar su papel en la conservaci\u00f3n. La combinaci\u00f3n de impacto emocional, \u00e9tica profunda y arte narrativo fue lo que distingui\u00f3 a las historias ganadoras.<\/p>\n","protected":false},"excerpt":{"rendered":"<p>Los ganadores del concurso \u201cEl Esp\u00edritu de los Loros\u201d fueron elegidos con base en una r\u00fabrica narrativa y \u00e9tica cuidadosamente dise\u00f1ada, que buscaba mucho m\u00e1s que calidad literaria. Cada historia seleccionada deb\u00eda conmover, educar y transformar, revelando la complejidad emocional, \u00e9tica y ecol\u00f3gica de nuestra relaci\u00f3n con los loros. Se valoraron elementos como la representaci\u00f3n [&hellip;]<\/p>\n","protected":false},"author":2,"featured_media":0,"parent":0,"menu_order":0,"comment_status":"closed","ping_status":"closed","template":"templates\/stories-landing-template.php","meta":{"_acf_changed":false,"_glsr_average":0,"_glsr_ranking":0,"_glsr_reviews":0,"footnotes":""},"class_list":["post-555","page","type-page","status-publish","hentry"],"acf":[],"yoast_head":"<!-- This site is optimized with the Yoast SEO plugin v26.8 - https:\/\/yoast.com\/product\/yoast-seo-wordpress\/ -->\n<title>The spirit of the parrots<\/title>\n<meta name=\"robots\" content=\"index, follow, max-snippet:-1, max-image-preview:large, max-video-preview:-1\" \/>\n<link rel=\"canonical\" href=\"https:\/\/loros.org\/en\/el-espiritu-de-los-loros\/\" \/>\n<meta property=\"og:locale\" content=\"en_US\" \/>\n<meta property=\"og:locale:alternate\" content=\"es_CO\" \/>\n<meta property=\"og:type\" content=\"article\" \/>\n<meta property=\"og:title\" content=\"The spirit of the parrots\" \/>\n<meta property=\"og:description\" content=\"Los ganadores del concurso \u201cEl Esp\u00edritu de los Loros\u201d fueron elegidos con base en una r\u00fabrica narrativa y \u00e9tica cuidadosamente dise\u00f1ada, que buscaba mucho m\u00e1s que calidad literaria. Cada historia seleccionada deb\u00eda conmover, educar y transformar, revelando la complejidad emocional, \u00e9tica y ecol\u00f3gica de nuestra relaci\u00f3n con los loros. Se valoraron elementos como la representaci\u00f3n [&hellip;]\" \/>\n<meta property=\"og:url\" content=\"https:\/\/loros.org\/en\/el-espiritu-de-los-loros\/\" \/>\n<meta property=\"og:site_name\" content=\"Fundaci\u00f3n Loros\" \/>\n<meta property=\"article:modified_time\" content=\"2025-06-25T16:53:35+00:00\" \/>\n<meta name=\"twitter:card\" content=\"summary_large_image\" \/>\n<meta name=\"twitter:label1\" content=\"Est. reading time\" \/>\n\t<meta name=\"twitter:data1\" content=\"1 minute\" \/>\n<script type=\"application\/ld+json\" class=\"yoast-schema-graph\">{\"@context\":\"https:\/\/schema.org\",\"@graph\":[{\"@type\":\"WebPage\",\"@id\":\"https:\/\/loros.org\/el-espiritu-de-los-loros\/\",\"url\":\"https:\/\/loros.org\/el-espiritu-de-los-loros\/\",\"name\":\"The spirit of the parrots\",\"isPartOf\":{\"@id\":\"https:\/\/loros.org\/en\/#website\"},\"datePublished\":\"2025-06-23T13:17:09+00:00\",\"dateModified\":\"2025-06-25T16:53:35+00:00\",\"breadcrumb\":{\"@id\":\"https:\/\/loros.org\/el-espiritu-de-los-loros\/#breadcrumb\"},\"inLanguage\":\"en-US\",\"potentialAction\":[{\"@type\":\"ReadAction\",\"target\":[\"https:\/\/loros.org\/el-espiritu-de-los-loros\/\"]}]},{\"@type\":\"BreadcrumbList\",\"@id\":\"https:\/\/loros.org\/el-espiritu-de-los-loros\/#breadcrumb\",\"itemListElement\":[{\"@type\":\"ListItem\",\"position\":1,\"name\":\"Home\",\"item\":\"https:\/\/loros.org\/en\/\"},{\"@type\":\"ListItem\",\"position\":2,\"name\":\"El esp\u00edritu de los loros\"}]},{\"@type\":\"WebSite\",\"@id\":\"https:\/\/loros.org\/en\/#website\",\"url\":\"https:\/\/loros.org\/en\/\",\"name\":\"Fundaci\u00f3n Loros\",\"description\":\"\",\"publisher\":{\"@id\":\"https:\/\/loros.org\/en\/#organization\"},\"potentialAction\":[{\"@type\":\"SearchAction\",\"target\":{\"@type\":\"EntryPoint\",\"urlTemplate\":\"https:\/\/loros.org\/en\/?s={search_term_string}\"},\"query-input\":{\"@type\":\"PropertyValueSpecification\",\"valueRequired\":true,\"valueName\":\"search_term_string\"}}],\"inLanguage\":\"en-US\"},{\"@type\":\"Organization\",\"@id\":\"https:\/\/loros.org\/en\/#organization\",\"name\":\"Fundaci\u00f3n Loros\",\"url\":\"https:\/\/loros.org\/en\/\",\"logo\":{\"@type\":\"ImageObject\",\"inLanguage\":\"en-US\",\"@id\":\"https:\/\/loros.org\/en\/#\/schema\/logo\/image\/\",\"url\":\"https:\/\/loros.org\/wp-content\/uploads\/2024\/11\/logo.png\",\"contentUrl\":\"https:\/\/loros.org\/wp-content\/uploads\/2024\/11\/logo.png\",\"width\":166,\"height\":202,\"caption\":\"Fundaci\u00f3n Loros\"},\"image\":{\"@id\":\"https:\/\/loros.org\/en\/#\/schema\/logo\/image\/\"}}]}<\/script>\n<!-- \/ Yoast SEO plugin. -->","yoast_head_json":{"title":"The spirit of the parrots","robots":{"index":"index","follow":"follow","max-snippet":"max-snippet:-1","max-image-preview":"max-image-preview:large","max-video-preview":"max-video-preview:-1"},"canonical":"https:\/\/loros.org\/en\/el-espiritu-de-los-loros\/","og_locale":"en_US","og_type":"article","og_title":"[:en]The spirit of the parrots[:es]El esp\u00edritu de los loros[:] - Fundaci\u00f3n Loros","og_description":"Los ganadores del concurso \u201cEl Esp\u00edritu de los Loros\u201d fueron elegidos con base en una r\u00fabrica narrativa y \u00e9tica cuidadosamente dise\u00f1ada, que buscaba mucho m\u00e1s que calidad literaria. Cada historia seleccionada deb\u00eda conmover, educar y transformar, revelando la complejidad emocional, \u00e9tica y ecol\u00f3gica de nuestra relaci\u00f3n con los loros. Se valoraron elementos como la representaci\u00f3n [&hellip;]","og_url":"https:\/\/loros.org\/en\/el-espiritu-de-los-loros\/","og_site_name":"Fundaci\u00f3n Loros","article_modified_time":"2025-06-25T16:53:35+00:00","twitter_card":"summary_large_image","twitter_misc":{"Est. reading time":"1 minute"},"schema":{"@context":"https:\/\/schema.org","@graph":[{"@type":"WebPage","@id":"https:\/\/loros.org\/el-espiritu-de-los-loros\/","url":"https:\/\/loros.org\/el-espiritu-de-los-loros\/","name":"The spirit of the parrots","isPartOf":{"@id":"https:\/\/loros.org\/en\/#website"},"datePublished":"2025-06-23T13:17:09+00:00","dateModified":"2025-06-25T16:53:35+00:00","breadcrumb":{"@id":"https:\/\/loros.org\/el-espiritu-de-los-loros\/#breadcrumb"},"inLanguage":"en-US","potentialAction":[{"@type":"ReadAction","target":["https:\/\/loros.org\/el-espiritu-de-los-loros\/"]}]},{"@type":"BreadcrumbList","@id":"https:\/\/loros.org\/el-espiritu-de-los-loros\/#breadcrumb","itemListElement":[{"@type":"ListItem","position":1,"name":"Home","item":"https:\/\/loros.org\/en\/"},{"@type":"ListItem","position":2,"name":"El esp\u00edritu de los loros"}]},{"@type":"WebSite","@id":"https:\/\/loros.org\/en\/#website","url":"https:\/\/loros.org\/en\/","name":"Fundaci\u00f3n Loros","description":"","publisher":{"@id":"https:\/\/loros.org\/en\/#organization"},"potentialAction":[{"@type":"SearchAction","target":{"@type":"EntryPoint","urlTemplate":"https:\/\/loros.org\/en\/?s={search_term_string}"},"query-input":{"@type":"PropertyValueSpecification","valueRequired":true,"valueName":"search_term_string"}}],"inLanguage":"en-US"},{"@type":"Organization","@id":"https:\/\/loros.org\/en\/#organization","name":"Fundaci\u00f3n Loros","url":"https:\/\/loros.org\/en\/","logo":{"@type":"ImageObject","inLanguage":"en-US","@id":"https:\/\/loros.org\/en\/#\/schema\/logo\/image\/","url":"https:\/\/loros.org\/wp-content\/uploads\/2024\/11\/logo.png","contentUrl":"https:\/\/loros.org\/wp-content\/uploads\/2024\/11\/logo.png","width":166,"height":202,"caption":"Fundaci\u00f3n Loros"},"image":{"@id":"https:\/\/loros.org\/en\/#\/schema\/logo\/image\/"}}]}},"_links":{"self":[{"href":"https:\/\/loros.org\/en\/wp-json\/wp\/v2\/pages\/555","targetHints":{"allow":["GET"]}}],"collection":[{"href":"https:\/\/loros.org\/en\/wp-json\/wp\/v2\/pages"}],"about":[{"href":"https:\/\/loros.org\/en\/wp-json\/wp\/v2\/types\/page"}],"author":[{"embeddable":true,"href":"https:\/\/loros.org\/en\/wp-json\/wp\/v2\/users\/2"}],"replies":[{"embeddable":true,"href":"https:\/\/loros.org\/en\/wp-json\/wp\/v2\/comments?post=555"}],"version-history":[{"count":12,"href":"https:\/\/loros.org\/en\/wp-json\/wp\/v2\/pages\/555\/revisions"}],"predecessor-version":[{"id":584,"href":"https:\/\/loros.org\/en\/wp-json\/wp\/v2\/pages\/555\/revisions\/584"}],"wp:attachment":[{"href":"https:\/\/loros.org\/en\/wp-json\/wp\/v2\/media?parent=555"}],"curies":[{"name":"wp","href":"https:\/\/api.w.org\/{rel}","templated":true}]}}