{"id":69,"date":"2024-11-30T15:19:58","date_gmt":"2024-11-30T15:19:58","guid":{"rendered":"https:\/\/loros.org\/?page_id=69"},"modified":"2025-02-05T15:41:32","modified_gmt":"2025-02-05T15:41:32","slug":"que-hacemos","status":"publish","type":"page","link":"https:\/\/loros.org\/en\/que-hacemos\/","title":{"rendered":"What we do"},"content":{"rendered":"<p>Loros Foundation is a non-profit organization dedicated to the conservation and protection of psittacine species, including parrots, macaws, parakeets, and parrotlets.<\/p>\n<p>The organization collaborates with CARDIQUE and other governmental organizations to rehabilitate animals, working with biologists and veterinarians to assess their suitability for release.<\/p>\n<p>Before releasing an animal, Loros Foundation conducts a veterinary health and behavioral assessment. Additionally, they improve the environment of the release site and consider appropriate climatic and seasonal factors, as well as community education. All of this is done with prior approval from the relevant governmental authority.<\/p>\n<p>The organization also focuses on reforestation with native dry tropical forest trees and encourages reproduction through the installation of nests.<\/p>\n<p>Moreover, Loros Foundation raises social awareness about biodiversity protection and promotes research studies on the ecology, natural history, and conservation of psittacine species. For the organization, an animal has only been successfully released if it integrates into the breeding population and produces offspring.<\/p>\n<p>In summary, Loros Foundation\u2019s mission is to protect and conserve psittacine species through rehabilitation, reforestation, and social awareness.<\/p>\n","protected":false},"excerpt":{"rendered":"<p>Loros Foundation is a non-profit organization dedicated to the conservation and protection of psittacine species, including parrots, macaws, parakeets, and parrotlets. The organization collaborates with CARDIQUE and other governmental organizations to rehabilitate animals, working with biologists and veterinarians to assess their suitability for release. Before releasing an animal, Loros Foundation conducts a veterinary health and [&hellip;]<\/p>\n","protected":false},"author":2,"featured_media":0,"parent":0,"menu_order":0,"comment_status":"closed","ping_status":"closed","template":"templates\/what-to-do-page-template.php","meta":{"_acf_changed":false,"_glsr_average":0,"_glsr_ranking":0,"_glsr_reviews":0,"footnotes":""},"class_list":["post-69","page","type-page","status-publish","hentry"],"acf":[],"yoast_head":"<!-- This site is optimized with the Yoast SEO plugin v26.8 - https:\/\/yoast.com\/product\/yoast-seo-wordpress\/ -->\n<title>What we do<\/title>\n<meta name=\"description\" content=\"Loros Foundation is a non-profit organization dedicated to the conservation and protection of psittacine species, including parrots, macaws, parakeets, and parrotlets.\" \/>\n<meta name=\"robots\" content=\"index, follow, max-snippet:-1, max-image-preview:large, max-video-preview:-1\" \/>\n<link rel=\"canonical\" href=\"https:\/\/loros.org\/en\/que-hacemos\/\" \/>\n<meta property=\"og:locale\" content=\"en_US\" \/>\n<meta property=\"og:locale:alternate\" content=\"es_CO\" \/>\n<meta property=\"og:type\" content=\"article\" \/>\n<meta property=\"og:title\" content=\"What we do\" \/>\n<meta property=\"og:description\" content=\"Fundaci\u00f3n Loros es una organizaci\u00f3n sin fines de lucro dedicada a la conservaci\u00f3n y protecci\u00f3n de psit\u00e1cidos, incluyendo loros, guacamayas, pericos y cotorras.\" \/>\n<meta property=\"og:url\" content=\"https:\/\/loros.org\/en\/que-hacemos\/\" \/>\n<meta property=\"og:site_name\" content=\"Fundaci\u00f3n Loros\" \/>\n<meta property=\"article:modified_time\" content=\"2025-02-05T15:41:32+00:00\" \/>\n<meta name=\"twitter:card\" content=\"summary_large_image\" \/>\n<meta name=\"twitter:label1\" content=\"Est. reading time\" \/>\n\t<meta name=\"twitter:data1\" content=\"1 minute\" \/>\n<script type=\"application\/ld+json\" class=\"yoast-schema-graph\">{\"@context\":\"https:\/\/schema.org\",\"@graph\":[{\"@type\":\"WebPage\",\"@id\":\"https:\/\/loros.org\/que-hacemos\/\",\"url\":\"https:\/\/loros.org\/que-hacemos\/\",\"name\":\"What we do\",\"isPartOf\":{\"@id\":\"https:\/\/loros.org\/en\/#website\"},\"datePublished\":\"2024-11-30T15:19:58+00:00\",\"dateModified\":\"2025-02-05T15:41:32+00:00\",\"description\":\"Fundaci\u00f3n Loros es una organizaci\u00f3n sin fines de lucro dedicada a la conservaci\u00f3n y protecci\u00f3n de psit\u00e1cidos, incluyendo loros, guacamayas, pericos y cotorras.\",\"breadcrumb\":{\"@id\":\"https:\/\/loros.org\/que-hacemos\/#breadcrumb\"},\"inLanguage\":\"en-US\",\"potentialAction\":[{\"@type\":\"ReadAction\",\"target\":[\"https:\/\/loros.org\/que-hacemos\/\"]}]},{\"@type\":\"BreadcrumbList\",\"@id\":\"https:\/\/loros.org\/que-hacemos\/#breadcrumb\",\"itemListElement\":[{\"@type\":\"ListItem\",\"position\":1,\"name\":\"Home\",\"item\":\"https:\/\/loros.org\/en\/\"},{\"@type\":\"ListItem\",\"position\":2,\"name\":\"Qu\u00e9 hacemos\"}]},{\"@type\":\"WebSite\",\"@id\":\"https:\/\/loros.org\/en\/#website\",\"url\":\"https:\/\/loros.org\/en\/\",\"name\":\"Fundaci\u00f3n Loros\",\"description\":\"\",\"publisher\":{\"@id\":\"https:\/\/loros.org\/en\/#organization\"},\"potentialAction\":[{\"@type\":\"SearchAction\",\"target\":{\"@type\":\"EntryPoint\",\"urlTemplate\":\"https:\/\/loros.org\/en\/?s={search_term_string}\"},\"query-input\":{\"@type\":\"PropertyValueSpecification\",\"valueRequired\":true,\"valueName\":\"search_term_string\"}}],\"inLanguage\":\"en-US\"},{\"@type\":\"Organization\",\"@id\":\"https:\/\/loros.org\/en\/#organization\",\"name\":\"Fundaci\u00f3n Loros\",\"url\":\"https:\/\/loros.org\/en\/\",\"logo\":{\"@type\":\"ImageObject\",\"inLanguage\":\"en-US\",\"@id\":\"https:\/\/loros.org\/en\/#\/schema\/logo\/image\/\",\"url\":\"https:\/\/loros.org\/wp-content\/uploads\/2024\/11\/logo.png\",\"contentUrl\":\"https:\/\/loros.org\/wp-content\/uploads\/2024\/11\/logo.png\",\"width\":166,\"height\":202,\"caption\":\"Fundaci\u00f3n Loros\"},\"image\":{\"@id\":\"https:\/\/loros.org\/en\/#\/schema\/logo\/image\/\"}}]}<\/script>\n<!-- \/ Yoast SEO plugin. -->","yoast_head_json":{"title":"What we do","description":"Loros Foundation is a non-profit organization dedicated to the conservation and protection of psittacine species, including parrots, macaws, parakeets, and parrotlets.","robots":{"index":"index","follow":"follow","max-snippet":"max-snippet:-1","max-image-preview":"max-image-preview:large","max-video-preview":"max-video-preview:-1"},"canonical":"https:\/\/loros.org\/en\/que-hacemos\/","og_locale":"en_US","og_type":"article","og_title":"[:en]What we do[:es]Qu\u00e9 hacemos[:] - Fundaci\u00f3n Loros","og_description":"Fundaci\u00f3n Loros es una organizaci\u00f3n sin fines de lucro dedicada a la conservaci\u00f3n y protecci\u00f3n de psit\u00e1cidos, incluyendo loros, guacamayas, pericos y cotorras.","og_url":"https:\/\/loros.org\/en\/que-hacemos\/","og_site_name":"Fundaci\u00f3n Loros","article_modified_time":"2025-02-05T15:41:32+00:00","twitter_card":"summary_large_image","twitter_misc":{"Est. reading time":"1 minute"},"schema":{"@context":"https:\/\/schema.org","@graph":[{"@type":"WebPage","@id":"https:\/\/loros.org\/que-hacemos\/","url":"https:\/\/loros.org\/que-hacemos\/","name":"What we do","isPartOf":{"@id":"https:\/\/loros.org\/en\/#website"},"datePublished":"2024-11-30T15:19:58+00:00","dateModified":"2025-02-05T15:41:32+00:00","description":"Fundaci\u00f3n Loros es una organizaci\u00f3n sin fines de lucro dedicada a la conservaci\u00f3n y protecci\u00f3n de psit\u00e1cidos, incluyendo loros, guacamayas, pericos y cotorras.","breadcrumb":{"@id":"https:\/\/loros.org\/que-hacemos\/#breadcrumb"},"inLanguage":"en-US","potentialAction":[{"@type":"ReadAction","target":["https:\/\/loros.org\/que-hacemos\/"]}]},{"@type":"BreadcrumbList","@id":"https:\/\/loros.org\/que-hacemos\/#breadcrumb","itemListElement":[{"@type":"ListItem","position":1,"name":"Home","item":"https:\/\/loros.org\/en\/"},{"@type":"ListItem","position":2,"name":"Qu\u00e9 hacemos"}]},{"@type":"WebSite","@id":"https:\/\/loros.org\/en\/#website","url":"https:\/\/loros.org\/en\/","name":"Fundaci\u00f3n Loros","description":"","publisher":{"@id":"https:\/\/loros.org\/en\/#organization"},"potentialAction":[{"@type":"SearchAction","target":{"@type":"EntryPoint","urlTemplate":"https:\/\/loros.org\/en\/?s={search_term_string}"},"query-input":{"@type":"PropertyValueSpecification","valueRequired":true,"valueName":"search_term_string"}}],"inLanguage":"en-US"},{"@type":"Organization","@id":"https:\/\/loros.org\/en\/#organization","name":"Fundaci\u00f3n Loros","url":"https:\/\/loros.org\/en\/","logo":{"@type":"ImageObject","inLanguage":"en-US","@id":"https:\/\/loros.org\/en\/#\/schema\/logo\/image\/","url":"https:\/\/loros.org\/wp-content\/uploads\/2024\/11\/logo.png","contentUrl":"https:\/\/loros.org\/wp-content\/uploads\/2024\/11\/logo.png","width":166,"height":202,"caption":"Fundaci\u00f3n Loros"},"image":{"@id":"https:\/\/loros.org\/en\/#\/schema\/logo\/image\/"}}]}},"_links":{"self":[{"href":"https:\/\/loros.org\/en\/wp-json\/wp\/v2\/pages\/69","targetHints":{"allow":["GET"]}}],"collection":[{"href":"https:\/\/loros.org\/en\/wp-json\/wp\/v2\/pages"}],"about":[{"href":"https:\/\/loros.org\/en\/wp-json\/wp\/v2\/types\/page"}],"author":[{"embeddable":true,"href":"https:\/\/loros.org\/en\/wp-json\/wp\/v2\/users\/2"}],"replies":[{"embeddable":true,"href":"https:\/\/loros.org\/en\/wp-json\/wp\/v2\/comments?post=69"}],"version-history":[{"count":5,"href":"https:\/\/loros.org\/en\/wp-json\/wp\/v2\/pages\/69\/revisions"}],"predecessor-version":[{"id":287,"href":"https:\/\/loros.org\/en\/wp-json\/wp\/v2\/pages\/69\/revisions\/287"}],"wp:attachment":[{"href":"https:\/\/loros.org\/en\/wp-json\/wp\/v2\/media?parent=69"}],"curies":[{"name":"wp","href":"https:\/\/api.w.org\/{rel}","templated":true}]}}