{"id":749,"date":"2025-11-20T18:53:57","date_gmt":"2025-11-20T18:53:57","guid":{"rendered":"https:\/\/loros.org\/?page_id=749"},"modified":"2025-11-28T13:42:55","modified_gmt":"2025-11-28T13:42:55","slug":"donate","status":"publish","type":"page","link":"https:\/\/loros.org\/en\/donate\/","title":{"rendered":"Give with Purpose. Make a Precise Impact."},"content":{"rendered":"<p data-start=\"187\" data-end=\"242\"><strong data-start=\"187\" data-end=\"242\">Programas de Donaciones Dirigidas \u2013 Fundaci\u00f3n Loros<\/strong><\/p>\n<p data-start=\"244\" data-end=\"364\">En Fundaci\u00f3n Loros, cada d\u00f3lar cuenta.<br data-start=\"282\" data-end=\"285\" \/>Y cuando eliges <strong data-start=\"301\" data-end=\"324\">d\u00f3nde y c\u00f3mo ayudar<\/strong>, tu impacto se vuelve a\u00fan m\u00e1s poderoso.<\/p>\n<p data-start=\"366\" data-end=\"662\">Nuestros <strong data-start=\"375\" data-end=\"409\">programas de donaci\u00f3n dirigida<\/strong> te permiten apoyar \u00e1reas espec\u00edficas de alto impacto dentro de nuestra misi\u00f3n: desde la rehabilitaci\u00f3n de loros y la restauraci\u00f3n del bosque seco tropical, hasta la educaci\u00f3n ambiental y la construcci\u00f3n de h\u00e1bitats especiales para aves en recuperaci\u00f3n.<\/p>\n<p data-start=\"664\" data-end=\"807\">Cada iniciativa tiene un prop\u00f3sito claro, una necesidad real y resultados medibles.<br data-start=\"747\" data-end=\"750\" \/><strong data-start=\"750\" data-end=\"807\">T\u00fa eliges la causa. Nosotros te mostramos el impacto.<\/strong><\/p>\n","protected":false},"excerpt":{"rendered":"<p>Programas de Donaciones Dirigidas \u2013 Fundaci\u00f3n Loros En Fundaci\u00f3n Loros, cada d\u00f3lar cuenta.Y cuando eliges d\u00f3nde y c\u00f3mo ayudar, tu impacto se vuelve a\u00fan m\u00e1s poderoso. Nuestros programas de donaci\u00f3n dirigida te permiten apoyar \u00e1reas espec\u00edficas de alto impacto dentro de nuestra misi\u00f3n: desde la rehabilitaci\u00f3n de loros y la restauraci\u00f3n del bosque seco tropical, [&hellip;]<\/p>\n","protected":false},"author":2,"featured_media":0,"parent":0,"menu_order":0,"comment_status":"closed","ping_status":"closed","template":"templates\/archive-donate-template.php","meta":{"_acf_changed":false,"_glsr_average":0,"_glsr_ranking":0,"_glsr_reviews":0,"footnotes":""},"class_list":["post-749","page","type-page","status-publish","hentry"],"acf":[],"yoast_head":"<!-- This site is optimized with the Yoast SEO plugin v26.8 - https:\/\/yoast.com\/product\/yoast-seo-wordpress\/ -->\n<title>Give with Purpose. Make a Precise Impact.<\/title>\n<meta name=\"robots\" content=\"index, follow, max-snippet:-1, max-image-preview:large, max-video-preview:-1\" \/>\n<link rel=\"canonical\" href=\"https:\/\/loros.org\/en\/donate\/\" \/>\n<meta property=\"og:locale\" content=\"en_US\" \/>\n<meta property=\"og:locale:alternate\" content=\"es_CO\" \/>\n<meta property=\"og:type\" content=\"article\" \/>\n<meta property=\"og:title\" content=\"Give with Purpose. Make a Precise Impact.\" \/>\n<meta property=\"og:description\" content=\"Programas de Donaciones Dirigidas \u2013 Fundaci\u00f3n Loros En Fundaci\u00f3n Loros, cada d\u00f3lar cuenta.Y cuando eliges d\u00f3nde y c\u00f3mo ayudar, tu impacto se vuelve a\u00fan m\u00e1s poderoso. Nuestros programas de donaci\u00f3n dirigida te permiten apoyar \u00e1reas espec\u00edficas de alto impacto dentro de nuestra misi\u00f3n: desde la rehabilitaci\u00f3n de loros y la restauraci\u00f3n del bosque seco tropical, [&hellip;]\" \/>\n<meta property=\"og:url\" content=\"https:\/\/loros.org\/en\/donate\/\" \/>\n<meta property=\"og:site_name\" content=\"Fundaci\u00f3n Loros\" \/>\n<meta property=\"article:modified_time\" content=\"2025-11-28T13:42:55+00:00\" \/>\n<meta name=\"twitter:card\" content=\"summary_large_image\" \/>\n<script type=\"application\/ld+json\" class=\"yoast-schema-graph\">{\"@context\":\"https:\/\/schema.org\",\"@graph\":[{\"@type\":\"WebPage\",\"@id\":\"https:\/\/loros.org\/en\/donate\/\",\"url\":\"https:\/\/loros.org\/en\/donate\/\",\"name\":\"Give with Purpose. Make a Precise Impact.\",\"isPartOf\":{\"@id\":\"https:\/\/loros.org\/en\/#website\"},\"datePublished\":\"2025-11-20T18:53:57+00:00\",\"dateModified\":\"2025-11-28T13:42:55+00:00\",\"breadcrumb\":{\"@id\":\"https:\/\/loros.org\/en\/donate\/#breadcrumb\"},\"inLanguage\":\"en-US\",\"potentialAction\":[{\"@type\":\"ReadAction\",\"target\":[\"https:\/\/loros.org\/en\/donate\/\"]}]},{\"@type\":\"BreadcrumbList\",\"@id\":\"https:\/\/loros.org\/en\/donate\/#breadcrumb\",\"itemListElement\":[{\"@type\":\"ListItem\",\"position\":1,\"name\":\"Home\",\"item\":\"https:\/\/loros.org\/en\/\"},{\"@type\":\"ListItem\",\"position\":2,\"name\":\"Give with Purpose. Make a Precise Impact.\"}]},{\"@type\":\"WebSite\",\"@id\":\"https:\/\/loros.org\/en\/#website\",\"url\":\"https:\/\/loros.org\/en\/\",\"name\":\"Fundaci\u00f3n Loros\",\"description\":\"\",\"publisher\":{\"@id\":\"https:\/\/loros.org\/en\/#organization\"},\"potentialAction\":[{\"@type\":\"SearchAction\",\"target\":{\"@type\":\"EntryPoint\",\"urlTemplate\":\"https:\/\/loros.org\/en\/?s={search_term_string}\"},\"query-input\":{\"@type\":\"PropertyValueSpecification\",\"valueRequired\":true,\"valueName\":\"search_term_string\"}}],\"inLanguage\":\"en-US\"},{\"@type\":\"Organization\",\"@id\":\"https:\/\/loros.org\/en\/#organization\",\"name\":\"Fundaci\u00f3n Loros\",\"url\":\"https:\/\/loros.org\/en\/\",\"logo\":{\"@type\":\"ImageObject\",\"inLanguage\":\"en-US\",\"@id\":\"https:\/\/loros.org\/en\/#\/schema\/logo\/image\/\",\"url\":\"https:\/\/loros.org\/wp-content\/uploads\/2024\/11\/logo.png\",\"contentUrl\":\"https:\/\/loros.org\/wp-content\/uploads\/2024\/11\/logo.png\",\"width\":166,\"height\":202,\"caption\":\"Fundaci\u00f3n Loros\"},\"image\":{\"@id\":\"https:\/\/loros.org\/en\/#\/schema\/logo\/image\/\"}}]}<\/script>\n<!-- \/ Yoast SEO plugin. -->","yoast_head_json":{"title":"Give with Purpose. Make a Precise Impact.","robots":{"index":"index","follow":"follow","max-snippet":"max-snippet:-1","max-image-preview":"max-image-preview:large","max-video-preview":"max-video-preview:-1"},"canonical":"https:\/\/loros.org\/en\/donate\/","og_locale":"en_US","og_type":"article","og_title":"[:en]Give with Purpose. Make a Precise Impact.[:es]Dona con Prop\u00f3sito. Impacta con Precisi\u00f3n.[:] - Fundaci\u00f3n Loros","og_description":"Programas de Donaciones Dirigidas \u2013 Fundaci\u00f3n Loros En Fundaci\u00f3n Loros, cada d\u00f3lar cuenta.Y cuando eliges d\u00f3nde y c\u00f3mo ayudar, tu impacto se vuelve a\u00fan m\u00e1s poderoso. Nuestros programas de donaci\u00f3n dirigida te permiten apoyar \u00e1reas espec\u00edficas de alto impacto dentro de nuestra misi\u00f3n: desde la rehabilitaci\u00f3n de loros y la restauraci\u00f3n del bosque seco tropical, [&hellip;]","og_url":"https:\/\/loros.org\/en\/donate\/","og_site_name":"Fundaci\u00f3n Loros","article_modified_time":"2025-11-28T13:42:55+00:00","twitter_card":"summary_large_image","schema":{"@context":"https:\/\/schema.org","@graph":[{"@type":"WebPage","@id":"https:\/\/loros.org\/en\/donate\/","url":"https:\/\/loros.org\/en\/donate\/","name":"Give with Purpose. Make a Precise Impact.","isPartOf":{"@id":"https:\/\/loros.org\/en\/#website"},"datePublished":"2025-11-20T18:53:57+00:00","dateModified":"2025-11-28T13:42:55+00:00","breadcrumb":{"@id":"https:\/\/loros.org\/en\/donate\/#breadcrumb"},"inLanguage":"en-US","potentialAction":[{"@type":"ReadAction","target":["https:\/\/loros.org\/en\/donate\/"]}]},{"@type":"BreadcrumbList","@id":"https:\/\/loros.org\/en\/donate\/#breadcrumb","itemListElement":[{"@type":"ListItem","position":1,"name":"Home","item":"https:\/\/loros.org\/en\/"},{"@type":"ListItem","position":2,"name":"Give with Purpose. Make a Precise Impact."}]},{"@type":"WebSite","@id":"https:\/\/loros.org\/en\/#website","url":"https:\/\/loros.org\/en\/","name":"Fundaci\u00f3n Loros","description":"","publisher":{"@id":"https:\/\/loros.org\/en\/#organization"},"potentialAction":[{"@type":"SearchAction","target":{"@type":"EntryPoint","urlTemplate":"https:\/\/loros.org\/en\/?s={search_term_string}"},"query-input":{"@type":"PropertyValueSpecification","valueRequired":true,"valueName":"search_term_string"}}],"inLanguage":"en-US"},{"@type":"Organization","@id":"https:\/\/loros.org\/en\/#organization","name":"Fundaci\u00f3n Loros","url":"https:\/\/loros.org\/en\/","logo":{"@type":"ImageObject","inLanguage":"en-US","@id":"https:\/\/loros.org\/en\/#\/schema\/logo\/image\/","url":"https:\/\/loros.org\/wp-content\/uploads\/2024\/11\/logo.png","contentUrl":"https:\/\/loros.org\/wp-content\/uploads\/2024\/11\/logo.png","width":166,"height":202,"caption":"Fundaci\u00f3n Loros"},"image":{"@id":"https:\/\/loros.org\/en\/#\/schema\/logo\/image\/"}}]}},"_links":{"self":[{"href":"https:\/\/loros.org\/en\/wp-json\/wp\/v2\/pages\/749","targetHints":{"allow":["GET"]}}],"collection":[{"href":"https:\/\/loros.org\/en\/wp-json\/wp\/v2\/pages"}],"about":[{"href":"https:\/\/loros.org\/en\/wp-json\/wp\/v2\/types\/page"}],"author":[{"embeddable":true,"href":"https:\/\/loros.org\/en\/wp-json\/wp\/v2\/users\/2"}],"replies":[{"embeddable":true,"href":"https:\/\/loros.org\/en\/wp-json\/wp\/v2\/comments?post=749"}],"version-history":[{"count":7,"href":"https:\/\/loros.org\/en\/wp-json\/wp\/v2\/pages\/749\/revisions"}],"predecessor-version":[{"id":774,"href":"https:\/\/loros.org\/en\/wp-json\/wp\/v2\/pages\/749\/revisions\/774"}],"wp:attachment":[{"href":"https:\/\/loros.org\/en\/wp-json\/wp\/v2\/media?parent=749"}],"curies":[{"name":"wp","href":"https:\/\/api.w.org\/{rel}","templated":true}]}}