{"id":83,"date":"2024-11-30T15:29:04","date_gmt":"2024-11-30T15:29:04","guid":{"rendered":"https:\/\/loros.org\/?page_id=83"},"modified":"2025-02-05T15:43:48","modified_gmt":"2025-02-05T15:43:48","slug":"quienes-somos","status":"publish","type":"page","link":"https:\/\/loros.org\/en\/quienes-somos\/","title":{"rendered":"Who we are"},"content":{"rendered":"<p>At Loros Foundation, we are an interdisciplinary team committed to biodiversity conservation and the protection of psittacine species in Colombia. Located in Villanueva, Bol\u00edvar, 35 km from Cartagena, we work closely with the local community to achieve our goals. We have strategic allies such as CARDIQUE and EPA to improve bird rehabilitation and reforestation of the dry tropical forest in the region. Additionally, we raise social awareness about the importance of preserving nature and promote the use of native species in reforestation efforts. Together, we work towards a more sustainable and healthy future for the birds and their natural habitat.<\/p>\n","protected":false},"excerpt":{"rendered":"<p>At Loros Foundation, we are an interdisciplinary team committed to biodiversity conservation and the protection of psittacine species in Colombia. Located in Villanueva, Bol\u00edvar, 35 km from Cartagena, we work closely with the local community to achieve our goals. We have strategic allies such as CARDIQUE and EPA to improve bird rehabilitation and reforestation of [&hellip;]<\/p>\n","protected":false},"author":2,"featured_media":0,"parent":0,"menu_order":0,"comment_status":"closed","ping_status":"closed","template":"templates\/about-us-page-template.php","meta":{"_acf_changed":false,"_glsr_average":0,"_glsr_ranking":0,"_glsr_reviews":0,"footnotes":""},"class_list":["post-83","page","type-page","status-publish","hentry"],"acf":[],"yoast_head":"<!-- This site is optimized with the Yoast SEO plugin v26.8 - https:\/\/yoast.com\/product\/yoast-seo-wordpress\/ -->\n<title>Who we are<\/title>\n<meta name=\"description\" content=\"At Fundaci\u00f3n Loros we are an interdisciplinary group committed to the conservation of biodiversity and the protection of psittacines in Colombia.\" \/>\n<meta name=\"robots\" content=\"index, follow, max-snippet:-1, max-image-preview:large, max-video-preview:-1\" \/>\n<link rel=\"canonical\" href=\"https:\/\/loros.org\/en\/quienes-somos\/\" \/>\n<meta property=\"og:locale\" content=\"en_US\" \/>\n<meta property=\"og:locale:alternate\" content=\"es_CO\" \/>\n<meta property=\"og:type\" content=\"article\" \/>\n<meta property=\"og:title\" content=\"Who we are\" \/>\n<meta property=\"og:description\" content=\"En Fundaci\u00f3n Loros somos un grupo interdisciplinario comprometido con la conservaci\u00f3n de la biodiversidad y la protecci\u00f3n de los psit\u00e1cidos en Colombia\" \/>\n<meta property=\"og:url\" content=\"https:\/\/loros.org\/en\/quienes-somos\/\" \/>\n<meta property=\"og:site_name\" content=\"Fundaci\u00f3n Loros\" \/>\n<meta property=\"article:modified_time\" content=\"2025-02-05T15:43:48+00:00\" \/>\n<meta name=\"twitter:card\" content=\"summary_large_image\" \/>\n<meta name=\"twitter:label1\" content=\"Est. reading time\" \/>\n\t<meta name=\"twitter:data1\" content=\"1 minute\" \/>\n<script type=\"application\/ld+json\" class=\"yoast-schema-graph\">{\"@context\":\"https:\/\/schema.org\",\"@graph\":[{\"@type\":\"WebPage\",\"@id\":\"https:\/\/loros.org\/quienes-somos\/\",\"url\":\"https:\/\/loros.org\/quienes-somos\/\",\"name\":\"Who we are\",\"isPartOf\":{\"@id\":\"https:\/\/loros.org\/en\/#website\"},\"datePublished\":\"2024-11-30T15:29:04+00:00\",\"dateModified\":\"2025-02-05T15:43:48+00:00\",\"description\":\"En Fundaci\u00f3n Loros somos un grupo interdisciplinario comprometido con la conservaci\u00f3n de la biodiversidad y la protecci\u00f3n de los psit\u00e1cidos en Colombia\",\"breadcrumb\":{\"@id\":\"https:\/\/loros.org\/quienes-somos\/#breadcrumb\"},\"inLanguage\":\"en-US\",\"potentialAction\":[{\"@type\":\"ReadAction\",\"target\":[\"https:\/\/loros.org\/quienes-somos\/\"]}]},{\"@type\":\"BreadcrumbList\",\"@id\":\"https:\/\/loros.org\/quienes-somos\/#breadcrumb\",\"itemListElement\":[{\"@type\":\"ListItem\",\"position\":1,\"name\":\"Home\",\"item\":\"https:\/\/loros.org\/en\/\"},{\"@type\":\"ListItem\",\"position\":2,\"name\":\"Qui\u00e9nes somos\"}]},{\"@type\":\"WebSite\",\"@id\":\"https:\/\/loros.org\/en\/#website\",\"url\":\"https:\/\/loros.org\/en\/\",\"name\":\"Fundaci\u00f3n Loros\",\"description\":\"\",\"publisher\":{\"@id\":\"https:\/\/loros.org\/en\/#organization\"},\"potentialAction\":[{\"@type\":\"SearchAction\",\"target\":{\"@type\":\"EntryPoint\",\"urlTemplate\":\"https:\/\/loros.org\/en\/?s={search_term_string}\"},\"query-input\":{\"@type\":\"PropertyValueSpecification\",\"valueRequired\":true,\"valueName\":\"search_term_string\"}}],\"inLanguage\":\"en-US\"},{\"@type\":\"Organization\",\"@id\":\"https:\/\/loros.org\/en\/#organization\",\"name\":\"Fundaci\u00f3n Loros\",\"url\":\"https:\/\/loros.org\/en\/\",\"logo\":{\"@type\":\"ImageObject\",\"inLanguage\":\"en-US\",\"@id\":\"https:\/\/loros.org\/en\/#\/schema\/logo\/image\/\",\"url\":\"https:\/\/loros.org\/wp-content\/uploads\/2024\/11\/logo.png\",\"contentUrl\":\"https:\/\/loros.org\/wp-content\/uploads\/2024\/11\/logo.png\",\"width\":166,\"height\":202,\"caption\":\"Fundaci\u00f3n Loros\"},\"image\":{\"@id\":\"https:\/\/loros.org\/en\/#\/schema\/logo\/image\/\"}}]}<\/script>\n<!-- \/ Yoast SEO plugin. -->","yoast_head_json":{"title":"Who we are","description":"At Fundaci\u00f3n Loros we are an interdisciplinary group committed to the conservation of biodiversity and the protection of psittacines in Colombia.","robots":{"index":"index","follow":"follow","max-snippet":"max-snippet:-1","max-image-preview":"max-image-preview:large","max-video-preview":"max-video-preview:-1"},"canonical":"https:\/\/loros.org\/en\/quienes-somos\/","og_locale":"en_US","og_type":"article","og_title":"[:en]Who we are[:es]Qui\u00e9nes somos[:] - Fundaci\u00f3n Loros","og_description":"En Fundaci\u00f3n Loros somos un grupo interdisciplinario comprometido con la conservaci\u00f3n de la biodiversidad y la protecci\u00f3n de los psit\u00e1cidos en Colombia","og_url":"https:\/\/loros.org\/en\/quienes-somos\/","og_site_name":"Fundaci\u00f3n Loros","article_modified_time":"2025-02-05T15:43:48+00:00","twitter_card":"summary_large_image","twitter_misc":{"Est. reading time":"1 minute"},"schema":{"@context":"https:\/\/schema.org","@graph":[{"@type":"WebPage","@id":"https:\/\/loros.org\/quienes-somos\/","url":"https:\/\/loros.org\/quienes-somos\/","name":"Who we are","isPartOf":{"@id":"https:\/\/loros.org\/en\/#website"},"datePublished":"2024-11-30T15:29:04+00:00","dateModified":"2025-02-05T15:43:48+00:00","description":"En Fundaci\u00f3n Loros somos un grupo interdisciplinario comprometido con la conservaci\u00f3n de la biodiversidad y la protecci\u00f3n de los psit\u00e1cidos en Colombia","breadcrumb":{"@id":"https:\/\/loros.org\/quienes-somos\/#breadcrumb"},"inLanguage":"en-US","potentialAction":[{"@type":"ReadAction","target":["https:\/\/loros.org\/quienes-somos\/"]}]},{"@type":"BreadcrumbList","@id":"https:\/\/loros.org\/quienes-somos\/#breadcrumb","itemListElement":[{"@type":"ListItem","position":1,"name":"Home","item":"https:\/\/loros.org\/en\/"},{"@type":"ListItem","position":2,"name":"Qui\u00e9nes somos"}]},{"@type":"WebSite","@id":"https:\/\/loros.org\/en\/#website","url":"https:\/\/loros.org\/en\/","name":"Fundaci\u00f3n Loros","description":"","publisher":{"@id":"https:\/\/loros.org\/en\/#organization"},"potentialAction":[{"@type":"SearchAction","target":{"@type":"EntryPoint","urlTemplate":"https:\/\/loros.org\/en\/?s={search_term_string}"},"query-input":{"@type":"PropertyValueSpecification","valueRequired":true,"valueName":"search_term_string"}}],"inLanguage":"en-US"},{"@type":"Organization","@id":"https:\/\/loros.org\/en\/#organization","name":"Fundaci\u00f3n Loros","url":"https:\/\/loros.org\/en\/","logo":{"@type":"ImageObject","inLanguage":"en-US","@id":"https:\/\/loros.org\/en\/#\/schema\/logo\/image\/","url":"https:\/\/loros.org\/wp-content\/uploads\/2024\/11\/logo.png","contentUrl":"https:\/\/loros.org\/wp-content\/uploads\/2024\/11\/logo.png","width":166,"height":202,"caption":"Fundaci\u00f3n Loros"},"image":{"@id":"https:\/\/loros.org\/en\/#\/schema\/logo\/image\/"}}]}},"_links":{"self":[{"href":"https:\/\/loros.org\/en\/wp-json\/wp\/v2\/pages\/83","targetHints":{"allow":["GET"]}}],"collection":[{"href":"https:\/\/loros.org\/en\/wp-json\/wp\/v2\/pages"}],"about":[{"href":"https:\/\/loros.org\/en\/wp-json\/wp\/v2\/types\/page"}],"author":[{"embeddable":true,"href":"https:\/\/loros.org\/en\/wp-json\/wp\/v2\/users\/2"}],"replies":[{"embeddable":true,"href":"https:\/\/loros.org\/en\/wp-json\/wp\/v2\/comments?post=83"}],"version-history":[{"count":4,"href":"https:\/\/loros.org\/en\/wp-json\/wp\/v2\/pages\/83\/revisions"}],"predecessor-version":[{"id":288,"href":"https:\/\/loros.org\/en\/wp-json\/wp\/v2\/pages\/83\/revisions\/288"}],"wp:attachment":[{"href":"https:\/\/loros.org\/en\/wp-json\/wp\/v2\/media?parent=83"}],"curies":[{"name":"wp","href":"https:\/\/api.w.org\/{rel}","templated":true}]}}